{"id":5773,"date":"2020-02-28T12:00:14","date_gmt":"2020-02-28T11:00:14","guid":{"rendered":"https:\/\/www.ekbeauty.be\/product\/import-placeholder-for-576\/"},"modified":"2025-10-21T18:02:38","modified_gmt":"2025-10-21T16:02:38","slug":"image-skincare-clear-cell-clarifying-masque-57-g","status":"publish","type":"product","link":"https:\/\/www.ekbeauty.be\/fr\/produit\/image-skincare-clear-cell-clarifying-masque-57-g\/","title":{"rendered":"IMAGE Skincare Clear Cell - Masque clarifiant 57g"},"content":{"rendered":"<div class=\"product attribute overview\">\n<div class=\"value\">\n<p>Clear Cell - Masque clarifiant bas\u00e9 sur un m\u00e9lange AHA\/BHA pour combattre efficacement et imm\u00e9diatement les impuret\u00e9s et l'exc\u00e8s de s\u00e9bum. Un m\u00e9lange d'antioxydants et de nutriments apaise la peau irrit\u00e9e et les l\u00e9sions rouges de l'acn\u00e9. Ce masque laisse la peau fra\u00eeche et non grasse.<\/p>\n<\/div>\n<\/div>","protected":false},"excerpt":{"rendered":"<p><strong>Avantages<\/strong><\/p>\n<ul>\n<li>Combat l'exc\u00e8s de s\u00e9bum et les impuret\u00e9s d\u00e8s l'application.<\/li>\n<li>\u2714 Le m\u00e9lange de th\u00e9 vert, d'herbe \u00e0 fromage et de manuka apporte des nutriments essentiels aux peaux d\u00e9shydrat\u00e9es, grasses\/acn\u00e9iques.<\/li>\n<li>Apaise les peaux irrit\u00e9es et les inflammations.<\/li>\n<\/ul>\n<p>&nbsp;<\/p>\n<p><strong>Type de peau<\/strong><\/p>\n<ul>\n<li>Acn\u00e9<\/li>\n<li>Peau grasse<\/li>\n<li>Dommages caus\u00e9s par le soleil<\/li>\n<li>Vieillissement de la peau<\/li>\n<\/ul>\n<p>&nbsp;<\/p>\n<p><strong>Utilisation et conseils<\/strong><\/p>\n<p>Appliquer sur l'ensemble du visage, laisser agir 5 \u00e0 15 minutes. Rincez \u00e0 l'eau froide, suivi d'un jet d'eau froide pour refermer les pores.<br \/>\nIMPORTANT : Ne pas laisser agir toute la nuit. Utilisez une \u00e0 trois fois par semaine.<\/p>\n<p>&nbsp;<\/p>\n<p>&nbsp;<\/p>\n<p>&nbsp;<\/p>","protected":false},"featured_media":46162,"comment_status":"open","ping_status":"closed","template":"","meta":{"_surecart_dashboard_logo_width":"180px","_surecart_dashboard_show_logo":true,"_surecart_dashboard_navigation_orders":true,"_surecart_dashboard_navigation_invoices":true,"_surecart_dashboard_navigation_subscriptions":true,"_surecart_dashboard_navigation_downloads":true,"_surecart_dashboard_navigation_billing":true,"_surecart_dashboard_navigation_account":true,"_uag_custom_page_level_css":""},"product_brand":[],"product_cat":[326],"product_tag":[],"class_list":{"0":"post-5773","1":"product","2":"type-product","3":"status-publish","4":"has-post-thumbnail","6":"product_cat-gezichtsmaskers","8":"first","9":"instock","10":"taxable","11":"shipping-taxable","12":"purchasable","13":"product-type-simple"},"uagb_featured_image_src":{"full":["https:\/\/www.ekbeauty.be\/wp-content\/uploads\/2020\/02\/25.jpg",1600,1200,false],"thumbnail":["https:\/\/www.ekbeauty.be\/wp-content\/uploads\/2020\/02\/25-150x150.jpg",150,150,true],"medium":["https:\/\/www.ekbeauty.be\/wp-content\/uploads\/2020\/02\/25-300x225.jpg",300,225,true],"medium_large":["https:\/\/www.ekbeauty.be\/wp-content\/uploads\/2020\/02\/25-768x576.jpg",768,576,true],"large":["https:\/\/www.ekbeauty.be\/wp-content\/uploads\/2020\/02\/25-1024x768.jpg",1024,768,true],"1536x1536":["https:\/\/www.ekbeauty.be\/wp-content\/uploads\/2020\/02\/25-1536x1152.jpg",1536,1152,true],"2048x2048":["https:\/\/www.ekbeauty.be\/wp-content\/uploads\/2020\/02\/25.jpg",1600,1200,false],"trp-custom-language-flag":["https:\/\/www.ekbeauty.be\/wp-content\/uploads\/2020\/02\/25-16x12.jpg",16,12,true],"woocommerce_archive_thumbnail":["https:\/\/www.ekbeauty.be\/wp-content\/uploads\/2020\/02\/25-300x225.jpg",300,225,true],"woocommerce_thumbnail":["https:\/\/www.ekbeauty.be\/wp-content\/uploads\/2020\/02\/25-300x300.jpg",300,300,true],"woocommerce_single":["https:\/\/www.ekbeauty.be\/wp-content\/uploads\/2020\/02\/25-600x450.jpg",600,450,true],"woocommerce_gallery_thumbnail":["https:\/\/www.ekbeauty.be\/wp-content\/uploads\/2020\/02\/25-100x100.jpg",100,100,true]},"uagb_author_info":{"display_name":"Berrag","author_link":"https:\/\/www.ekbeauty.be\/fr\/author\/"},"uagb_comment_info":0,"uagb_excerpt":"Voordelen \u2714 Gaat overmatig talg en onreinheden onmiddellijk tegen, na aanbrengen. \u2714 Groene thee, kaasjeskruid en manukamix geven vitale voedingsstoffen aan een gedehydrateerde, vette-\/acne-achtige huid. \u2714 Verzacht de ge\u00efrriteerde huid en ontstekingen. &nbsp; Huidtype \u2714 Acne \u2714 Vette huid \u2714 Zonbeschadiging \u2714 Verouderde huid &nbsp; Gebruik &amp; tips Breng het op het gehele gezicht aan,\u2026","_links":{"self":[{"href":"https:\/\/www.ekbeauty.be\/fr\/wp-json\/wp\/v2\/product\/5773","targetHints":{"allow":["GET"]}}],"collection":[{"href":"https:\/\/www.ekbeauty.be\/fr\/wp-json\/wp\/v2\/product"}],"about":[{"href":"https:\/\/www.ekbeauty.be\/fr\/wp-json\/wp\/v2\/types\/product"}],"replies":[{"embeddable":true,"href":"https:\/\/www.ekbeauty.be\/fr\/wp-json\/wp\/v2\/comments?post=5773"}],"wp:featuredmedia":[{"embeddable":true,"href":"https:\/\/www.ekbeauty.be\/fr\/wp-json\/wp\/v2\/media\/46162"}],"wp:attachment":[{"href":"https:\/\/www.ekbeauty.be\/fr\/wp-json\/wp\/v2\/media?parent=5773"}],"wp:term":[{"taxonomy":"product_brand","embeddable":true,"href":"https:\/\/www.ekbeauty.be\/fr\/wp-json\/wp\/v2\/product_brand?post=5773"},{"taxonomy":"product_cat","embeddable":true,"href":"https:\/\/www.ekbeauty.be\/fr\/wp-json\/wp\/v2\/product_cat?post=5773"},{"taxonomy":"product_tag","embeddable":true,"href":"https:\/\/www.ekbeauty.be\/fr\/wp-json\/wp\/v2\/product_tag?post=5773"}],"curies":[{"name":"wp","href":"https:\/\/api.w.org\/{rel}","templated":true}]}}