{"id":5811,"date":"2020-02-28T12:00:22","date_gmt":"2020-02-28T11:00:22","guid":{"rendered":"https:\/\/www.ekbeauty.be\/product\/import-placeholder-for-1060\/"},"modified":"2024-11-04T20:30:27","modified_gmt":"2024-11-04T19:30:27","slug":"mesoestetic-glycolic-e-f-ampul","status":"publish","type":"product","link":"https:\/\/www.ekbeauty.be\/fr\/produit\/mesoestetic-glycolic-e-f-ampul\/","title":{"rendered":"Mesoestetic - Glycolic + E + F Ampoule"},"content":{"rendered":"<p style=\"text-align: left;\">L'Ampoule Glycolique + E + F offre \u00e0 la peau un traitement hebdomadaire intensif, qui acc\u00e9l\u00e8re le renouvellement de la peau, en r\u00e9duisant les traces de rides, de taches, de pores et d'imperfections. La formule concentr\u00e9e de cette ampoule stimule l'acc\u00e9l\u00e9ration du renouvellement cellulaire et exfolie efficacement la peau. L'application hebdomadaire de l'Ampoule Glycolique + E + F r\u00e9duira la visibilit\u00e9 des irr\u00e9gularit\u00e9s \u00e0 la surface de la peau, cr\u00e9ant ainsi une peau de r\u00eave \u00e9clatante.<br \/>\n<strong><br \/>\nType de peau<\/strong><\/p>\n<ul>\n<li>Peau \u00e0 tendance acn\u00e9ique<\/li>\n<li>Peau enflamm\u00e9e<\/li>\n<li>Pores grossiers<\/li>\n<li>D\u00e9but du vieillissement<\/li>\n<li>Lignes fines<\/li>\n<li>Peau plus mature<\/li>\n<li>Peau fatigu\u00e9e<\/li>\n<\/ul>\n<p>&nbsp;<\/p>\n<p><strong>Avantages<\/strong><\/p>\n<ul>\n<li>Stimule le renouvellement rapide des cellules de la peau<\/li>\n<li>R\u00e9duit les signes d'imperfections, les taches, les pores et les rides.<\/li>\n<li>A un effet exfoliant efficace<\/li>\n<li>R\u00e9duit les imperfections \u00e0 la surface de la peau.<\/li>\n<li>Affine la structure de la peau.<\/li>\n<li>Geeft een vermoeide huid energie<\/li>\n<li>Procure un \u00e9clat visible<\/li>\n<li>Le maquillage reste en place plus longtemps<\/li>\n<\/ul>\n<p>&nbsp;<\/p>\n<p>Instructions d'utilisation<\/p>\n<p class=\"p1\"><span class=\"s2\">1. Nettoyez votre peau, afin d'\u00eatre pr\u00eat \u00e0 appliquer l'ampoule. (Ne pas laver avec l'ageless ou le clear cell si vous voulez utiliser l'ampoule E+F) nettoyer avec le nettoyant ormedic ou un nettoyant sans acides !<\/span><\/p>\n<p class=\"p1\"><span class=\"s2\">2. Il y a un ouvreur dans la bo\u00eete. Cliquez sur cet ouvreur sur l'ampoule, puis retirez le bouchon de l'ampoule.<\/span><\/p>\n<p class=\"p1\"><span class=\"s2\">3. Appliquez la totalit\u00e9 du contenu de l'ampoule sur une peau propre et s\u00e8che, le soir uniquement, avant d'appliquer vos produits habituels.<\/span><\/p>\n<p class=\"p1\"><span class=\"s2\">4. R\u00e9partissez la substance sur votre visage et votre cou et massez jusqu'\u00e0 ce qu'elle soit compl\u00e8tement absorb\u00e9e par votre peau.<\/span><\/p>\n<p class=\"p1\"><span class=\"s2\">5. Le r\u00e9cipient de l'ampoule est-il encore plein apr\u00e8s l'application de la substance ? Conservez ensuite le contenu restant dans le m\u00eame r\u00e9cipient et remettez le bouchon en place afin de pouvoir appliquer l'ampoule \u00e0 nouveau \u00e0 un autre moment.<\/span><\/p>\n<p>* Il est tr\u00e8s normal que vous ressentiez une sensation de br\u00fblure, que vous puissiez avoir des petites bulles, des sortes de taches rouges, vous utilisez une vitamine pure sur votre peau, et si vous n'utilisez certainement pas de produits maison, ces effets secondaires sont tr\u00e8s normaux pour vous et ils disparaissent tr\u00e8s rapidement. Ceux qui utilisent les soins d'image ou le m\u00e9soestetic \u00e0 la maison ne souffrent pas de ces effets secondaires... seulement des sensations de br\u00fblure. Votre peau peut aussi s'\u00e9cailler ou peler si vous avez beaucoup de cellules mortes !<\/p>\n<p>&nbsp;<\/p>\n<p>ATTENTION !<\/p>\n<p>Si vous utilisez d'autres marques, etc., vous \u00eates responsable des \u00e9ruptions cutan\u00e9es !<\/p>\n<p>N'utilisez pas les ampoules en combinaison avec un gel nettoyant ou des produits contenant de l'alcool ou des acides ! Donc pas de cr\u00e8me de nuit (ageless ou clear cell).<\/p>\n<p>1 fois par semaine le soir seulement, pas besoin de s\u00e9rum ou de cr\u00e8me de nuit apr\u00e8s l'ampoule.<\/p>\n<p>Le lendemain, nettoyez votre peau et appliquez votre s\u00e9rum, votre cr\u00e8me de jour et votre maquillage.<\/p>\n<p>N'appliquez pas de gommage ou de masque la veille. N'appliquez pas de GOMMAGE ou de MASQUE la veille ou le lendemain, cela peut se retourner contre vous !<br \/>\nNe pas utiliser apr\u00e8s la douche ! Ou si votre peau est tr\u00e8s s\u00e8che ! Si elle est s\u00e8che et br\u00fbl\u00e9e -&gt; utiliser un masque en feuille (masque polaire pour la rafra\u00eechir !) Vous n'en avez pas \u00e0 la maison ? Utilisez ensuite le YOGHURT GREC (sans go\u00fbt ni fruit) pour le r\u00e9duire.<\/p>\n<p>convient \u00e9galement aux femmes enceintes.<\/p>","protected":false},"excerpt":{"rendered":"<p>L'Ampoule Glycolique + E + F offre \u00e0 la peau un traitement hebdomadaire intensif, qui acc\u00e9l\u00e8re le renouvellement de la peau, en r\u00e9duisant les traces de rides, de taches, de pores et d'imperfections. La formule concentr\u00e9e de cette ampoule stimule l'acc\u00e9l\u00e9ration du renouvellement cellulaire et exfolie efficacement la peau. L'application hebdomadaire de l'Ampoule Glycolique + E + F r\u00e9duira la visibilit\u00e9 des irr\u00e9gularit\u00e9s \u00e0 la surface de la peau, cr\u00e9ant ainsi une peau de r\u00eave \u00e9clatante.<strong><br \/>\n<\/strong><\/p>\n<ul>\n<li>Stimule le renouvellement rapide des cellules de la peau<\/li>\n<li>R\u00e9duit les signes d'imperfections, les taches, les pores et les rides.<\/li>\n<li>A un effet exfoliant efficace<\/li>\n<li>R\u00e9duit les imperfections \u00e0 la surface de la peau.<\/li>\n<li>Affine la structure de la peau.<\/li>\n<li>Geeft een vermoeide huid energie<\/li>\n<li>Procure un \u00e9clat visible<\/li>\n<li>Le maquillage reste en place plus longtemps<\/li>\n<\/ul>","protected":false},"featured_media":6055,"comment_status":"open","ping_status":"closed","template":"","meta":{"_surecart_dashboard_logo_width":"180px","_surecart_dashboard_show_logo":true,"_surecart_dashboard_navigation_orders":true,"_surecart_dashboard_navigation_invoices":true,"_surecart_dashboard_navigation_subscriptions":true,"_surecart_dashboard_navigation_downloads":true,"_surecart_dashboard_navigation_billing":true,"_surecart_dashboard_navigation_account":true,"_uag_custom_page_level_css":""},"product_brand":[],"product_cat":[223],"product_tag":[],"class_list":{"0":"post-5811","1":"product","2":"type-product","3":"status-publish","4":"has-post-thumbnail","6":"product_cat-geen","7":"pa_huidconditie-droge-huid","9":"first","10":"instock","11":"taxable","12":"shipping-taxable","13":"purchasable","14":"product-type-simple"},"uagb_featured_image_src":{"full":["https:\/\/www.ekbeauty.be\/wp-content\/uploads\/2020\/02\/EKBEAUTY-ampul-ef.jpg",1000,1000,false],"thumbnail":["https:\/\/www.ekbeauty.be\/wp-content\/uploads\/2020\/02\/EKBEAUTY-ampul-ef-150x150.jpg",150,150,true],"medium":["https:\/\/www.ekbeauty.be\/wp-content\/uploads\/2020\/02\/EKBEAUTY-ampul-ef-300x300.jpg",300,300,true],"medium_large":["https:\/\/www.ekbeauty.be\/wp-content\/uploads\/2020\/02\/EKBEAUTY-ampul-ef-768x768.jpg",768,768,true],"large":["https:\/\/www.ekbeauty.be\/wp-content\/uploads\/2020\/02\/EKBEAUTY-ampul-ef.jpg",1000,1000,false],"1536x1536":["https:\/\/www.ekbeauty.be\/wp-content\/uploads\/2020\/02\/EKBEAUTY-ampul-ef.jpg",1000,1000,false],"2048x2048":["https:\/\/www.ekbeauty.be\/wp-content\/uploads\/2020\/02\/EKBEAUTY-ampul-ef.jpg",1000,1000,false],"trp-custom-language-flag":["https:\/\/www.ekbeauty.be\/wp-content\/uploads\/2020\/02\/EKBEAUTY-ampul-ef.jpg",12,12,false],"woocommerce_archive_thumbnail":["https:\/\/www.ekbeauty.be\/wp-content\/uploads\/2020\/02\/EKBEAUTY-ampul-ef-300x300.jpg",300,300,true],"woocommerce_thumbnail":["https:\/\/www.ekbeauty.be\/wp-content\/uploads\/2020\/02\/EKBEAUTY-ampul-ef-300x300.jpg",300,300,true],"woocommerce_single":["https:\/\/www.ekbeauty.be\/wp-content\/uploads\/2020\/02\/EKBEAUTY-ampul-ef-600x600.jpg",600,600,true],"woocommerce_gallery_thumbnail":["https:\/\/www.ekbeauty.be\/wp-content\/uploads\/2020\/02\/EKBEAUTY-ampul-ef-100x100.jpg",100,100,true]},"uagb_author_info":{"display_name":"Berrag","author_link":"https:\/\/www.ekbeauty.be\/fr\/author\/"},"uagb_comment_info":0,"uagb_excerpt":"De Glycolic + E + F Ampullen biedt de huid een intensieve wekelijkse behandeling, die ervoor zorgt dat huidvernieuwing versneld wordt, waardoor sporen van rimpels, vlekjes, pori\u00ebn en oneffenheden verminderd worden. De geconcentreerde formule van dit ampul stimuleert versnelling van celvernieuwing en exfolieert de huid op effectieve wijze. Het wekelijks toepassen van de Glycolic +\u2026","_links":{"self":[{"href":"https:\/\/www.ekbeauty.be\/fr\/wp-json\/wp\/v2\/product\/5811","targetHints":{"allow":["GET"]}}],"collection":[{"href":"https:\/\/www.ekbeauty.be\/fr\/wp-json\/wp\/v2\/product"}],"about":[{"href":"https:\/\/www.ekbeauty.be\/fr\/wp-json\/wp\/v2\/types\/product"}],"replies":[{"embeddable":true,"href":"https:\/\/www.ekbeauty.be\/fr\/wp-json\/wp\/v2\/comments?post=5811"}],"wp:featuredmedia":[{"embeddable":true,"href":"https:\/\/www.ekbeauty.be\/fr\/wp-json\/wp\/v2\/media\/6055"}],"wp:attachment":[{"href":"https:\/\/www.ekbeauty.be\/fr\/wp-json\/wp\/v2\/media?parent=5811"}],"wp:term":[{"taxonomy":"product_brand","embeddable":true,"href":"https:\/\/www.ekbeauty.be\/fr\/wp-json\/wp\/v2\/product_brand?post=5811"},{"taxonomy":"product_cat","embeddable":true,"href":"https:\/\/www.ekbeauty.be\/fr\/wp-json\/wp\/v2\/product_cat?post=5811"},{"taxonomy":"product_tag","embeddable":true,"href":"https:\/\/www.ekbeauty.be\/fr\/wp-json\/wp\/v2\/product_tag?post=5811"}],"curies":[{"name":"wp","href":"https:\/\/api.w.org\/{rel}","templated":true}]}}