{"id":5812,"date":"2020-02-28T12:00:23","date_gmt":"2020-02-28T11:00:23","guid":{"rendered":"https:\/\/www.ekbeauty.be\/product\/import-placeholder-for-1062\/"},"modified":"2026-04-06T23:31:57","modified_gmt":"2026-04-06T21:31:57","slug":"mesoestetic-anti-aging-flash-ampul","status":"publish","type":"product","link":"https:\/\/www.ekbeauty.be\/fr\/produit\/mesoestetic-anti-aging-flash-ampul\/","title":{"rendered":"Mesoestetic - Ampoule flash anti-\u00e2ge"},"content":{"rendered":"<p class=\"p1\"><span class=\"s2\">Les Ampoules Flash Anti-Age de Mesoestetic sont une formule concentr\u00e9e et sont formul\u00e9es \u00e0 partir d'ingr\u00e9dients qui agissent de mani\u00e8re interactive contre le vieillissement, optimisant l'\u00e9lasticit\u00e9 et la fermet\u00e9 de la peau. Ces ampoules anti-\u00e2ge r\u00e9duisent consid\u00e9rablement les rides et lissent les lignes d'expression, cr\u00e9ant ainsi une peau vitale, repos\u00e9e et \u00e9clatante. De plus, ces ampoules intensives constituent un traitement anti-\u00e2ge puissant, qui combat le vieillissement de la peau et stimule son rajeunissement. De plus, ces ampoules anti-\u00e2ge ont un effet lifting imm\u00e9diat sur la peau et les signes de fatigue sont visiblement r\u00e9duits imm\u00e9diatement. Les Ampoules Flash Anti-Age Mesoestetic ont une structure l\u00e9g\u00e8re, ce qui signifie que les ampoules sont rapidement absorb\u00e9es par la peau.\u00a0<\/span><\/p>","protected":false},"excerpt":{"rendered":"<p>Type de peau<\/p>\n<ul>\n<li>D\u00e9but du vieillissement<\/li>\n<li>Lignes fines<\/li>\n<li>Peau plus mature<\/li>\n<li>Structure grossi\u00e8re<\/li>\n<li>Peau fatigu\u00e9e<\/li>\n<\/ul>\n<p>&nbsp;<\/p>\n<p>Avantages<\/p>\n<ul>\n<li>Affine la structure de la peau.<\/li>\n<li>Les rides et les lignes d'expression sont r\u00e9duites de fa\u00e7on spectaculaire.<\/li>\n<li>Stimule le rajeunissement de la peau et a un effet liftant sur la peau.<\/li>\n<li>Geeft een vermoeide huid energie<\/li>\n<li>Augmente l'\u00e9lasticit\u00e9 et la fermet\u00e9 de la peau<\/li>\n<li>Lueur visible<\/li>\n<\/ul>\n<p>&nbsp;<\/p>\n<p>Instructions d'utilisation<\/p>\n<ol>\n<li>Nettoyez votre peau afin d'\u00eatre pr\u00eat \u00e0 appliquer l'ampoule.<\/li>\n<li>Il y a un ouvreur dans la bo\u00eete. Cliquez sur cet ouvreur sur l'ampoule, puis retirez le bouchon de l'ampoule.<\/li>\n<li>Le matin ou le soir, appliquez la totalit\u00e9 du contenu de l'ampoule sur une peau propre et s\u00e8che, avant d'appliquer vos produits habituels.<\/li>\n<li>R\u00e9partissez la substance sur votre visage et votre cou et massez jusqu'\u00e0 absorption compl\u00e8te par votre peau.<\/li>\n<li>Le r\u00e9cipient de l'ampoule est-il encore plein apr\u00e8s l'application de la substance ? Conservez ensuite le contenu restant dans le m\u00eame r\u00e9cipient et remettez le bouchon en place afin de pouvoir appliquer l'ampoule \u00e0 nouveau \u00e0 un autre moment,<\/li>\n<\/ol>","protected":false},"featured_media":6053,"comment_status":"open","ping_status":"closed","template":"","meta":{"_surecart_dashboard_logo_width":"180px","_surecart_dashboard_show_logo":true,"_surecart_dashboard_navigation_orders":true,"_surecart_dashboard_navigation_invoices":true,"_surecart_dashboard_navigation_subscriptions":true,"_surecart_dashboard_navigation_downloads":true,"_surecart_dashboard_navigation_billing":true,"_surecart_dashboard_navigation_account":true,"_uag_custom_page_level_css":""},"product_brand":[],"product_cat":[223],"product_tag":[],"class_list":{"0":"post-5812","1":"product","2":"type-product","3":"status-publish","4":"has-post-thumbnail","6":"product_cat-geen","8":"first","9":"onbackorder","10":"taxable","11":"shipping-taxable","12":"purchasable","13":"product-type-simple"},"uagb_featured_image_src":{"full":["https:\/\/www.ekbeauty.be\/wp-content\/uploads\/2020\/02\/EKBEAUTY-ampul-antiaging-flash.jpg",1000,1000,false],"thumbnail":["https:\/\/www.ekbeauty.be\/wp-content\/uploads\/2020\/02\/EKBEAUTY-ampul-antiaging-flash-150x150.jpg",150,150,true],"medium":["https:\/\/www.ekbeauty.be\/wp-content\/uploads\/2020\/02\/EKBEAUTY-ampul-antiaging-flash-300x300.jpg",300,300,true],"medium_large":["https:\/\/www.ekbeauty.be\/wp-content\/uploads\/2020\/02\/EKBEAUTY-ampul-antiaging-flash-768x768.jpg",768,768,true],"large":["https:\/\/www.ekbeauty.be\/wp-content\/uploads\/2020\/02\/EKBEAUTY-ampul-antiaging-flash.jpg",1000,1000,false],"1536x1536":["https:\/\/www.ekbeauty.be\/wp-content\/uploads\/2020\/02\/EKBEAUTY-ampul-antiaging-flash.jpg",1000,1000,false],"2048x2048":["https:\/\/www.ekbeauty.be\/wp-content\/uploads\/2020\/02\/EKBEAUTY-ampul-antiaging-flash.jpg",1000,1000,false],"trp-custom-language-flag":["https:\/\/www.ekbeauty.be\/wp-content\/uploads\/2020\/02\/EKBEAUTY-ampul-antiaging-flash.jpg",12,12,false],"woocommerce_archive_thumbnail":["https:\/\/www.ekbeauty.be\/wp-content\/uploads\/2020\/02\/EKBEAUTY-ampul-antiaging-flash-300x300.jpg",300,300,true],"woocommerce_thumbnail":["https:\/\/www.ekbeauty.be\/wp-content\/uploads\/2020\/02\/EKBEAUTY-ampul-antiaging-flash-300x300.jpg",300,300,true],"woocommerce_single":["https:\/\/www.ekbeauty.be\/wp-content\/uploads\/2020\/02\/EKBEAUTY-ampul-antiaging-flash-600x600.jpg",600,600,true],"woocommerce_gallery_thumbnail":["https:\/\/www.ekbeauty.be\/wp-content\/uploads\/2020\/02\/EKBEAUTY-ampul-antiaging-flash-100x100.jpg",100,100,true]},"uagb_author_info":{"display_name":"Berrag","author_link":"https:\/\/www.ekbeauty.be\/fr\/author\/"},"uagb_comment_info":0,"uagb_excerpt":"Huidtype Beginnende veroudering Fijne lijntjes Rijpere huid Grove structuur Vermoeide huid &nbsp; Voordelen Verfijnt de structuur van de huid. Rimpels en expressielijnen worden onwijs vermindert Stimuleert huidverjonging en heeft een liftend effect op de huid Geeft een vermoeide huid energie Vergroot de elasticiteit en stevigheid van de huid Zichtbare glow &nbsp; Gebruiksaanwijzing Reinig je huid,\u2026","_links":{"self":[{"href":"https:\/\/www.ekbeauty.be\/fr\/wp-json\/wp\/v2\/product\/5812","targetHints":{"allow":["GET"]}}],"collection":[{"href":"https:\/\/www.ekbeauty.be\/fr\/wp-json\/wp\/v2\/product"}],"about":[{"href":"https:\/\/www.ekbeauty.be\/fr\/wp-json\/wp\/v2\/types\/product"}],"replies":[{"embeddable":true,"href":"https:\/\/www.ekbeauty.be\/fr\/wp-json\/wp\/v2\/comments?post=5812"}],"wp:featuredmedia":[{"embeddable":true,"href":"https:\/\/www.ekbeauty.be\/fr\/wp-json\/wp\/v2\/media\/6053"}],"wp:attachment":[{"href":"https:\/\/www.ekbeauty.be\/fr\/wp-json\/wp\/v2\/media?parent=5812"}],"wp:term":[{"taxonomy":"product_brand","embeddable":true,"href":"https:\/\/www.ekbeauty.be\/fr\/wp-json\/wp\/v2\/product_brand?post=5812"},{"taxonomy":"product_cat","embeddable":true,"href":"https:\/\/www.ekbeauty.be\/fr\/wp-json\/wp\/v2\/product_cat?post=5812"},{"taxonomy":"product_tag","embeddable":true,"href":"https:\/\/www.ekbeauty.be\/fr\/wp-json\/wp\/v2\/product_tag?post=5812"}],"curies":[{"name":"wp","href":"https:\/\/api.w.org\/{rel}","templated":true}]}}