{"id":5813,"date":"2020-02-28T12:00:23","date_gmt":"2020-02-28T11:00:23","guid":{"rendered":"https:\/\/www.ekbeauty.be\/product\/import-placeholder-for-1088\/"},"modified":"2025-07-01T11:57:41","modified_gmt":"2025-07-01T09:57:41","slug":"mesoestetic-sun-protective-repairing-stick","status":"publish","type":"product","link":"https:\/\/www.ekbeauty.be\/fr\/produit\/mesoestetic-sun-protective-repairing-stick\/","title":{"rendered":"Mesoestetic - Stick r\u00e9parateur protecteur solaire 4,5g"},"content":{"rendered":"<p>Pour obtenir et conserver une peau de r\u00eave \u00e9clatante, il est extr\u00eamement important de prot\u00e9ger correctement votre peau contre les radicaux libres et le soleil au quotidien. Une cr\u00e8me de jour hautement concentr\u00e9e joue un r\u00f4le majeur \u00e0 cet \u00e9gard. Le SPF100 Sun Protective Repairing Stick a \u00e9t\u00e9 sp\u00e9cialement con\u00e7u pour prot\u00e9ger les zones sensibles et vuln\u00e9rables, telles que les taches de pigmentation, les l\u00e8vres et les cicatrices, contre les UVA-IVB-IR-HEV, ce qui signifie que votre peau est prot\u00e9g\u00e9e de mani\u00e8re optimale et \u00e0 tout moment contre les rayons solaires nocifs, les rayons infrarouges et les autres lumi\u00e8res visibles. Pensez au rayonnement de votre ordinateur portable ou de votre smartphone. Ce stick protecteur unique contient de l'huile de graines de rose musqu\u00e9e, qui stimule la r\u00e9cup\u00e9ration et la cicatrisation de la peau.<\/p>","protected":false},"excerpt":{"rendered":"<p><u>Type de peau<\/u><\/p>\n<ul>\n<li>Taches de pigmentation<\/li>\n<li>Zones de peau sensible<\/li>\n<li>L\u00e8vres<\/li>\n<li>Cicatrices<\/li>\n<li>Taches<\/li>\n<li>Contour des yeux<\/li>\n<\/ul>\n<p>&nbsp;<\/p>\n<p><u>Avantages<\/u><\/p>\n<ul>\n<li>Offre une protection innovante et unique contre le soleil, les rayonnements infrarouges et autres lumi\u00e8res<\/li>\n<li>Prot\u00e8ge les zones sensibles de la peau, par exemple la pigmentation de la l\u00e8vre sup\u00e9rieure.<\/li>\n<li>Favorise la r\u00e9paration et la cicatrisation de la peau<\/li>\n<li>est r\u00e9sistant \u00e0 l'eau<\/li>\n<li>Est id\u00e9al pour les sports d'hiver<\/li>\n<\/ul>\n<p>&nbsp;<\/p>\n<p><u>Instructions d'utilisation<\/u><\/p>\n<p>Appliquez MESOPROTECH SPF100 Sun Protective Repairing Stick localement sur une peau nettoy\u00e9e et s\u00e8che 30 minutes avant l'exposition au soleil, apr\u00e8s avoir appliqu\u00e9 votre s\u00e9rum habituel. En cas d'exposition directe au soleil, appliquer toutes les deux heures et surtout apr\u00e8s le s\u00e9chage \u00e0 la serviette, la baignade ou la transpiration.<\/p>","protected":false},"featured_media":45461,"comment_status":"open","ping_status":"closed","template":"","meta":{"_surecart_dashboard_logo_width":"180px","_surecart_dashboard_show_logo":true,"_surecart_dashboard_navigation_orders":true,"_surecart_dashboard_navigation_invoices":true,"_surecart_dashboard_navigation_subscriptions":true,"_surecart_dashboard_navigation_downloads":true,"_surecart_dashboard_navigation_billing":true,"_surecart_dashboard_navigation_account":true,"_uag_custom_page_level_css":""},"product_brand":[],"product_cat":[226],"product_tag":[],"class_list":{"0":"post-5813","1":"product","2":"type-product","3":"status-publish","4":"has-post-thumbnail","6":"product_cat-zonbescherming-spf","8":"first","9":"instock","10":"taxable","11":"shipping-taxable","12":"purchasable","13":"product-type-simple"},"uagb_featured_image_src":{"full":["https:\/\/www.ekbeauty.be\/wp-content\/uploads\/2020\/02\/1.webp",465,465,false],"thumbnail":["https:\/\/www.ekbeauty.be\/wp-content\/uploads\/2020\/02\/1-150x150.webp",150,150,true],"medium":["https:\/\/www.ekbeauty.be\/wp-content\/uploads\/2020\/02\/1-300x300.webp",300,300,true],"medium_large":["https:\/\/www.ekbeauty.be\/wp-content\/uploads\/2020\/02\/1.webp",465,465,false],"large":["https:\/\/www.ekbeauty.be\/wp-content\/uploads\/2020\/02\/1.webp",465,465,false],"1536x1536":["https:\/\/www.ekbeauty.be\/wp-content\/uploads\/2020\/02\/1.webp",465,465,false],"2048x2048":["https:\/\/www.ekbeauty.be\/wp-content\/uploads\/2020\/02\/1.webp",465,465,false],"trp-custom-language-flag":["https:\/\/www.ekbeauty.be\/wp-content\/uploads\/2020\/02\/1-12x12.webp",12,12,true],"woocommerce_archive_thumbnail":["https:\/\/www.ekbeauty.be\/wp-content\/uploads\/2020\/02\/1-300x300.webp",300,300,true],"woocommerce_thumbnail":["https:\/\/www.ekbeauty.be\/wp-content\/uploads\/2020\/02\/1-300x300.webp",300,300,true],"woocommerce_single":["https:\/\/www.ekbeauty.be\/wp-content\/uploads\/2020\/02\/1.webp",465,465,false],"woocommerce_gallery_thumbnail":["https:\/\/www.ekbeauty.be\/wp-content\/uploads\/2020\/02\/1-100x100.webp",100,100,true]},"uagb_author_info":{"display_name":"Berrag","author_link":"https:\/\/www.ekbeauty.be\/fr\/author\/"},"uagb_comment_info":0,"uagb_excerpt":"Huidtype Pigmentvlekken Gevoelige huidzones Lippen Littekens Vlekjes Oogcontour &nbsp; Voordelen Biedt innovatieve en unieke bescherming tegen de zon, infraroodstraling en overig licht Beschermt de gevoelige zones van de huid, bijvoorbeeld pigment op de bovenlip Bevordert herstel en genezing van de huid Is waterbestendig Is ideaal voor op wintersport &nbsp; Gebruiksaanwijzing Breng de MESOPROTECH SPF100 Sun\u2026","_links":{"self":[{"href":"https:\/\/www.ekbeauty.be\/fr\/wp-json\/wp\/v2\/product\/5813","targetHints":{"allow":["GET"]}}],"collection":[{"href":"https:\/\/www.ekbeauty.be\/fr\/wp-json\/wp\/v2\/product"}],"about":[{"href":"https:\/\/www.ekbeauty.be\/fr\/wp-json\/wp\/v2\/types\/product"}],"replies":[{"embeddable":true,"href":"https:\/\/www.ekbeauty.be\/fr\/wp-json\/wp\/v2\/comments?post=5813"}],"wp:featuredmedia":[{"embeddable":true,"href":"https:\/\/www.ekbeauty.be\/fr\/wp-json\/wp\/v2\/media\/45461"}],"wp:attachment":[{"href":"https:\/\/www.ekbeauty.be\/fr\/wp-json\/wp\/v2\/media?parent=5813"}],"wp:term":[{"taxonomy":"product_brand","embeddable":true,"href":"https:\/\/www.ekbeauty.be\/fr\/wp-json\/wp\/v2\/product_brand?post=5813"},{"taxonomy":"product_cat","embeddable":true,"href":"https:\/\/www.ekbeauty.be\/fr\/wp-json\/wp\/v2\/product_cat?post=5813"},{"taxonomy":"product_tag","embeddable":true,"href":"https:\/\/www.ekbeauty.be\/fr\/wp-json\/wp\/v2\/product_tag?post=5813"}],"curies":[{"name":"wp","href":"https:\/\/api.w.org\/{rel}","templated":true}]}}