{"id":5824,"date":"2020-02-28T12:00:25","date_gmt":"2020-02-28T11:00:25","guid":{"rendered":"https:\/\/www.ekbeauty.be\/product\/import-placeholder-for-3029\/"},"modified":"2024-11-04T23:18:00","modified_gmt":"2024-11-04T22:18:00","slug":"mesoestetic-anti-stress-face-mask-100ml","status":"publish","type":"product","link":"https:\/\/www.ekbeauty.be\/fr\/produit\/mesoestetic-anti-stress-face-mask-100ml\/","title":{"rendered":"Mesoestetic - Masque anti-stress pour le visage 100ml"},"content":{"rendered":"<p>Masque aux propri\u00e9t\u00e9s apaisantes, soulageantes et calmantes. Le masque anti-stress pour le visage est un masque pour le visage aux propri\u00e9t\u00e9s apaisantes, revitalisantes, soulageantes, stimulantes, calmantes et anti-stress. Apporte une vitalit\u00e9 imm\u00e9diate aux peaux fatigu\u00e9es.<\/p>","protected":false},"excerpt":{"rendered":"<p><a href=\"https:\/\/www.ekbeauty.be\/wp-content\/uploads\/2020\/02\/thumbnail-24.jpg\"><img fetchpriority=\"high\" decoding=\"async\" class=\"alignnone size-medium wp-image-27112\" src=\"https:\/\/www.ekbeauty.be\/wp-content\/uploads\/2020\/02\/thumbnail-24-300x300.jpg\" alt=\"\" width=\"300\" height=\"300\" srcset=\"https:\/\/www.ekbeauty.be\/wp-content\/uploads\/2020\/02\/thumbnail-24-300x300.jpg 300w, https:\/\/www.ekbeauty.be\/wp-content\/uploads\/2020\/02\/thumbnail-24-100x100.jpg 100w, https:\/\/www.ekbeauty.be\/wp-content\/uploads\/2020\/02\/thumbnail-24-150x150.jpg 150w, https:\/\/www.ekbeauty.be\/wp-content\/uploads\/2020\/02\/thumbnail-24.jpg 562w\" sizes=\"(max-width: 300px) 100vw, 300px\" \/><\/a><a href=\"https:\/\/www.ekbeauty.be\/wp-content\/uploads\/2020\/02\/thumbnail-25.jpg\"><img decoding=\"async\" class=\"alignnone size-medium wp-image-27113\" src=\"https:\/\/www.ekbeauty.be\/wp-content\/uploads\/2020\/02\/thumbnail-25-300x300.jpg\" alt=\"\" width=\"300\" height=\"300\" srcset=\"https:\/\/www.ekbeauty.be\/wp-content\/uploads\/2020\/02\/thumbnail-25-300x300.jpg 300w, https:\/\/www.ekbeauty.be\/wp-content\/uploads\/2020\/02\/thumbnail-25-100x100.jpg 100w, https:\/\/www.ekbeauty.be\/wp-content\/uploads\/2020\/02\/thumbnail-25-150x150.jpg 150w, https:\/\/www.ekbeauty.be\/wp-content\/uploads\/2020\/02\/thumbnail-25.jpg 562w\" sizes=\"(max-width: 300px) 100vw, 300px\" \/><\/a><\/p>\n<p>&nbsp;<\/p>\n<p>Indication : Particuli\u00e8rement recommand\u00e9 pour le soin des peaux stress\u00e9es pr\u00e9sentant des carences nutritionnelles.<\/p>\n<p>Ingr\u00e9dients actifs : Aloe vera, huile de tournesol, extrait de calendula, extrait de camomille, bio saccharide, Gum-2.<\/p>\n<p>Propri\u00e9t\u00e9s : Apaise en profondeur, r\u00e9pare, soulage, stimule et calme la peau du visage, du cou et du d\u00e9collet\u00e9.<\/p>","protected":false},"featured_media":27111,"comment_status":"open","ping_status":"closed","template":"","meta":{"_surecart_dashboard_logo_width":"180px","_surecart_dashboard_show_logo":true,"_surecart_dashboard_navigation_orders":true,"_surecart_dashboard_navigation_invoices":true,"_surecart_dashboard_navigation_subscriptions":true,"_surecart_dashboard_navigation_downloads":true,"_surecart_dashboard_navigation_billing":true,"_surecart_dashboard_navigation_account":true,"_uag_custom_page_level_css":""},"product_brand":[],"product_cat":[326],"product_tag":[],"class_list":{"0":"post-5824","1":"product","2":"type-product","3":"status-publish","4":"has-post-thumbnail","6":"product_cat-gezichtsmaskers","8":"first","9":"instock","10":"taxable","11":"shipping-taxable","12":"purchasable","13":"product-type-simple"},"uagb_featured_image_src":{"full":["https:\/\/www.ekbeauty.be\/wp-content\/uploads\/2020\/02\/thumbnail-23.jpg",878,878,false],"thumbnail":["https:\/\/www.ekbeauty.be\/wp-content\/uploads\/2020\/02\/thumbnail-23-150x150.jpg",150,150,true],"medium":["https:\/\/www.ekbeauty.be\/wp-content\/uploads\/2020\/02\/thumbnail-23-300x300.jpg",300,300,true],"medium_large":["https:\/\/www.ekbeauty.be\/wp-content\/uploads\/2020\/02\/thumbnail-23-768x768.jpg",768,768,true],"large":["https:\/\/www.ekbeauty.be\/wp-content\/uploads\/2020\/02\/thumbnail-23.jpg",878,878,false],"1536x1536":["https:\/\/www.ekbeauty.be\/wp-content\/uploads\/2020\/02\/thumbnail-23.jpg",878,878,false],"2048x2048":["https:\/\/www.ekbeauty.be\/wp-content\/uploads\/2020\/02\/thumbnail-23.jpg",878,878,false],"trp-custom-language-flag":["https:\/\/www.ekbeauty.be\/wp-content\/uploads\/2020\/02\/thumbnail-23.jpg",12,12,false],"woocommerce_archive_thumbnail":["https:\/\/www.ekbeauty.be\/wp-content\/uploads\/2020\/02\/thumbnail-23-300x300.jpg",300,300,true],"woocommerce_thumbnail":["https:\/\/www.ekbeauty.be\/wp-content\/uploads\/2020\/02\/thumbnail-23-300x300.jpg",300,300,true],"woocommerce_single":["https:\/\/www.ekbeauty.be\/wp-content\/uploads\/2020\/02\/thumbnail-23-600x600.jpg",600,600,true],"woocommerce_gallery_thumbnail":["https:\/\/www.ekbeauty.be\/wp-content\/uploads\/2020\/02\/thumbnail-23-100x100.jpg",100,100,true]},"uagb_author_info":{"display_name":"Berrag","author_link":"https:\/\/www.ekbeauty.be\/fr\/author\/"},"uagb_comment_info":0,"uagb_excerpt":"&nbsp; Indicatie: Speciaal aangeraden voor de verzorging van de gestresseerde huid met een voedingstekort. Actieve bestanddelen: Aloe vera, zonnebloemolie, calendula extract, kamille extract, bio saccharide, Gum-2. Eigenschappen: Verzacht, herstelt, ontlast, stimuleert en kalmeert de huid van het gelaat, de hals en decollet\u00e9 diepgaand.","_links":{"self":[{"href":"https:\/\/www.ekbeauty.be\/fr\/wp-json\/wp\/v2\/product\/5824","targetHints":{"allow":["GET"]}}],"collection":[{"href":"https:\/\/www.ekbeauty.be\/fr\/wp-json\/wp\/v2\/product"}],"about":[{"href":"https:\/\/www.ekbeauty.be\/fr\/wp-json\/wp\/v2\/types\/product"}],"replies":[{"embeddable":true,"href":"https:\/\/www.ekbeauty.be\/fr\/wp-json\/wp\/v2\/comments?post=5824"}],"wp:featuredmedia":[{"embeddable":true,"href":"https:\/\/www.ekbeauty.be\/fr\/wp-json\/wp\/v2\/media\/27111"}],"wp:attachment":[{"href":"https:\/\/www.ekbeauty.be\/fr\/wp-json\/wp\/v2\/media?parent=5824"}],"wp:term":[{"taxonomy":"product_brand","embeddable":true,"href":"https:\/\/www.ekbeauty.be\/fr\/wp-json\/wp\/v2\/product_brand?post=5824"},{"taxonomy":"product_cat","embeddable":true,"href":"https:\/\/www.ekbeauty.be\/fr\/wp-json\/wp\/v2\/product_cat?post=5824"},{"taxonomy":"product_tag","embeddable":true,"href":"https:\/\/www.ekbeauty.be\/fr\/wp-json\/wp\/v2\/product_tag?post=5824"}],"curies":[{"name":"wp","href":"https:\/\/api.w.org\/{rel}","templated":true}]}}