{"id":5867,"date":"2020-02-28T12:00:32","date_gmt":"2020-02-28T11:00:32","guid":{"rendered":"https:\/\/www.ekbeauty.be\/product\/import-placeholder-for-13019\/"},"modified":"2026-04-02T00:45:39","modified_gmt":"2026-04-01T22:45:39","slug":"reinigingssponsjes-2st-nieuw","status":"publish","type":"product","link":"https:\/\/www.ekbeauty.be\/fr\/produit\/reinigingssponsjes-2st-nieuw\/","title":{"rendered":"EKBEAUTY - Nouvelle version 100% \u00e9ponges de nettoyage de qualit\u00e9 2pcs !"},"content":{"rendered":"<p><strong>\u00c9ponges de nettoyage rondes 2 dans un paquet.<\/strong><\/p>\n<p>Bonne qualit\u00e9, ne se casse pas facilement, peut \u00eatre mis dans la machine \u00e0 laver toutes les deux semaines.<\/p>\n<p>Taille normale, nettoie tout <strong>les cellules mortes de la peau<\/strong>. Facile \u00e0 utiliser.<\/p>","protected":false},"excerpt":{"rendered":"<p>\u00c9ponges de nettoyage rondes 2 pi\u00e8ces dans un paquet. Bonne qualit\u00e9, ne se casse pas facilement, peut \u00eatre mis dans la machine \u00e0 laver toutes les deux semaines. Taille normale, nettoie toutes les cellules mortes de la peau. Facile \u00e0 utiliser.<\/p>","protected":false},"featured_media":27598,"comment_status":"open","ping_status":"closed","template":"","meta":{"_surecart_dashboard_logo_width":"180px","_surecart_dashboard_show_logo":true,"_surecart_dashboard_navigation_orders":true,"_surecart_dashboard_navigation_invoices":true,"_surecart_dashboard_navigation_subscriptions":true,"_surecart_dashboard_navigation_downloads":true,"_surecart_dashboard_navigation_billing":true,"_surecart_dashboard_navigation_account":true,"_uag_custom_page_level_css":""},"product_brand":[],"product_cat":[223],"product_tag":[],"class_list":{"0":"post-5867","1":"product","2":"type-product","3":"status-publish","4":"has-post-thumbnail","6":"product_cat-geen","8":"first","9":"onbackorder","10":"taxable","11":"shipping-taxable","12":"purchasable","13":"product-type-simple"},"uagb_featured_image_src":{"full":["https:\/\/www.ekbeauty.be\/wp-content\/uploads\/2020\/02\/AD2EE086-F7A7-4924-B470-503D7E5570EC.jpeg",560,560,false],"thumbnail":["https:\/\/www.ekbeauty.be\/wp-content\/uploads\/2020\/02\/AD2EE086-F7A7-4924-B470-503D7E5570EC-150x150.jpeg",150,150,true],"medium":["https:\/\/www.ekbeauty.be\/wp-content\/uploads\/2020\/02\/AD2EE086-F7A7-4924-B470-503D7E5570EC-300x300.jpeg",300,300,true],"medium_large":["https:\/\/www.ekbeauty.be\/wp-content\/uploads\/2020\/02\/AD2EE086-F7A7-4924-B470-503D7E5570EC.jpeg",560,560,false],"large":["https:\/\/www.ekbeauty.be\/wp-content\/uploads\/2020\/02\/AD2EE086-F7A7-4924-B470-503D7E5570EC.jpeg",560,560,false],"1536x1536":["https:\/\/www.ekbeauty.be\/wp-content\/uploads\/2020\/02\/AD2EE086-F7A7-4924-B470-503D7E5570EC.jpeg",560,560,false],"2048x2048":["https:\/\/www.ekbeauty.be\/wp-content\/uploads\/2020\/02\/AD2EE086-F7A7-4924-B470-503D7E5570EC.jpeg",560,560,false],"trp-custom-language-flag":["https:\/\/www.ekbeauty.be\/wp-content\/uploads\/2020\/02\/AD2EE086-F7A7-4924-B470-503D7E5570EC.jpeg",12,12,false],"woocommerce_archive_thumbnail":["https:\/\/www.ekbeauty.be\/wp-content\/uploads\/2020\/02\/AD2EE086-F7A7-4924-B470-503D7E5570EC-300x300.jpeg",300,300,true],"woocommerce_thumbnail":["https:\/\/www.ekbeauty.be\/wp-content\/uploads\/2020\/02\/AD2EE086-F7A7-4924-B470-503D7E5570EC-300x300.jpeg",300,300,true],"woocommerce_single":["https:\/\/www.ekbeauty.be\/wp-content\/uploads\/2020\/02\/AD2EE086-F7A7-4924-B470-503D7E5570EC.jpeg",560,560,false],"woocommerce_gallery_thumbnail":["https:\/\/www.ekbeauty.be\/wp-content\/uploads\/2020\/02\/AD2EE086-F7A7-4924-B470-503D7E5570EC-100x100.jpeg",100,100,true]},"uagb_author_info":{"display_name":"Berrag","author_link":"https:\/\/www.ekbeauty.be\/fr\/author\/"},"uagb_comment_info":0,"uagb_excerpt":"Reinigingssponjes rond 2 stuks in \u00e9\u00e9n pak. Goed kwaliteit, breekt niet snel, kan je om de week in het wasmachine steken. Normale formaat, reinigt alle dodehuidcellen. Makkelijk in gebruik.","_links":{"self":[{"href":"https:\/\/www.ekbeauty.be\/fr\/wp-json\/wp\/v2\/product\/5867","targetHints":{"allow":["GET"]}}],"collection":[{"href":"https:\/\/www.ekbeauty.be\/fr\/wp-json\/wp\/v2\/product"}],"about":[{"href":"https:\/\/www.ekbeauty.be\/fr\/wp-json\/wp\/v2\/types\/product"}],"replies":[{"embeddable":true,"href":"https:\/\/www.ekbeauty.be\/fr\/wp-json\/wp\/v2\/comments?post=5867"}],"wp:featuredmedia":[{"embeddable":true,"href":"https:\/\/www.ekbeauty.be\/fr\/wp-json\/wp\/v2\/media\/27598"}],"wp:attachment":[{"href":"https:\/\/www.ekbeauty.be\/fr\/wp-json\/wp\/v2\/media?parent=5867"}],"wp:term":[{"taxonomy":"product_brand","embeddable":true,"href":"https:\/\/www.ekbeauty.be\/fr\/wp-json\/wp\/v2\/product_brand?post=5867"},{"taxonomy":"product_cat","embeddable":true,"href":"https:\/\/www.ekbeauty.be\/fr\/wp-json\/wp\/v2\/product_cat?post=5867"},{"taxonomy":"product_tag","embeddable":true,"href":"https:\/\/www.ekbeauty.be\/fr\/wp-json\/wp\/v2\/product_tag?post=5867"}],"curies":[{"name":"wp","href":"https:\/\/api.w.org\/{rel}","templated":true}]}}