{"id":5872,"date":"2020-02-28T12:00:33","date_gmt":"2020-02-28T11:00:33","guid":{"rendered":"https:\/\/www.ekbeauty.be\/product\/import-placeholder-for-15254\/"},"modified":"2025-12-07T01:25:00","modified_gmt":"2025-12-07T00:25:00","slug":"image-skincare-ormedic-balancing-gel-masque-59ml","status":"publish","type":"product","link":"https:\/\/www.ekbeauty.be\/fr\/produit\/image-skincare-ormedic-balancing-gel-masque-59ml\/","title":{"rendered":"IMAGE Skincare Ormedic - Balancing Gel Masque 59ml"},"content":{"rendered":"<h3 style=\"font-weight: 500;\">Avantages<\/h3>\n<ul>\n<li>Aide votre peau \u00e0 se remettre des influences environnementales quotidiennes.<\/li>\n<li>Soutient l'int\u00e9grit\u00e9 et la fonction de barri\u00e8re de la peau<\/li>\n<li>Fournit une hydratation ultime<\/li>\n<li>Calme les irritations<\/li>\n<li>Apporte \u00e0 la peau un \u00e9quilibre optimal<\/li>\n<\/ul>\n<h3 style=\"font-weight: 500;\">Utilisation et conseils<\/h3>\n<p>Appliquez une couche g\u00e9n\u00e9reuse sur la peau nettoy\u00e9e et laissez agir pendant 5 \u00e0 30 minutes. Utiliser 1 \u00e0 3 fois par semaine ou selon les besoins.<\/p>","protected":false},"excerpt":{"rendered":"<p><b><strong>Votre peau a besoin d'un petit extra ?<\/strong><\/b><span style=\"font-weight: 400;\">\u00a0ORMEDIC - Balancing Gel Masque est votre sauveur ! Ce masque gel apaisant et rafra\u00eechissant aide votre peau \u00e0 se remettre des dommages environnementaux quotidiens, tels que la d\u00e9shydratation ou un exc\u00e8s de soleil. Et tout cela en seulement cinq minutes !<\/span><br style=\"font-weight: 400;\" \/><br style=\"font-weight: 400;\" \/><b><strong>R\u00e9conforter votre peau<\/strong><\/b><br style=\"font-weight: 400;\" \/><span style=\"font-weight: 400;\">Votre peau absorbe imm\u00e9diatement les propri\u00e9t\u00e9s apaisantes de ce masque gel, enrichi d'extraits de plantes qui parviennent \u00e0 survivre m\u00eame dans les conditions climatiques les plus difficiles. L'herbe mondo, naturellement r\u00e9siliente, soutient l'int\u00e9grit\u00e9 et la fonction de barri\u00e8re de la peau. La figue de Barbarie aide \u00e0 apaiser les effets du stress, \u00e0 \u00e9quilibrer la peau et \u00e0 l'hydrater. Prenez un moment pour vous et r\u00e9confortez votre peau avec ORMEDIC - Balancing Gel Masque.\u00a0<\/span><br style=\"font-weight: 400;\" \/><br style=\"font-weight: 400;\" \/><b><strong>Puissance de l'usine<\/strong><\/b><br style=\"font-weight: 400;\" \/><span style=\"font-weight: 400;\">Chaque produit ORMEDIC contient \u00e9galement le complexe ORMEDIC enti\u00e8rement v\u00e9g\u00e9tal. Il se compose d'eau de raisin enrichie en min\u00e9raux, d'aloe vera pour apaiser la peau et d'un m\u00e9lange sp\u00e9cialement formul\u00e9 d'extraits de plantes pour r\u00e9tablir et maintenir l'\u00e9quilibre optimal du pH de la peau. Pour une puissance v\u00e9g\u00e9tale suppl\u00e9mentaire !<\/span><\/p>","protected":false},"featured_media":50886,"comment_status":"open","ping_status":"closed","template":"","meta":{"_surecart_dashboard_logo_width":"180px","_surecart_dashboard_show_logo":true,"_surecart_dashboard_navigation_orders":true,"_surecart_dashboard_navigation_invoices":true,"_surecart_dashboard_navigation_subscriptions":true,"_surecart_dashboard_navigation_downloads":true,"_surecart_dashboard_navigation_billing":true,"_surecart_dashboard_navigation_account":true,"_uag_custom_page_level_css":""},"product_brand":[],"product_cat":[326],"product_tag":[],"class_list":{"0":"post-5872","1":"product","2":"type-product","3":"status-publish","4":"has-post-thumbnail","6":"product_cat-gezichtsmaskers","8":"first","9":"instock","10":"taxable","11":"shipping-taxable","12":"purchasable","13":"product-type-simple"},"uagb_featured_image_src":{"full":["https:\/\/www.ekbeauty.be\/wp-content\/uploads\/2020\/02\/o3.webp",1500,1125,false],"thumbnail":["https:\/\/www.ekbeauty.be\/wp-content\/uploads\/2020\/02\/o3-150x150.webp",150,150,true],"medium":["https:\/\/www.ekbeauty.be\/wp-content\/uploads\/2020\/02\/o3-300x225.webp",300,225,true],"medium_large":["https:\/\/www.ekbeauty.be\/wp-content\/uploads\/2020\/02\/o3-768x576.webp",768,576,true],"large":["https:\/\/www.ekbeauty.be\/wp-content\/uploads\/2020\/02\/o3-1024x768.webp",1024,768,true],"1536x1536":["https:\/\/www.ekbeauty.be\/wp-content\/uploads\/2020\/02\/o3.webp",1500,1125,false],"2048x2048":["https:\/\/www.ekbeauty.be\/wp-content\/uploads\/2020\/02\/o3.webp",1500,1125,false],"trp-custom-language-flag":["https:\/\/www.ekbeauty.be\/wp-content\/uploads\/2020\/02\/o3-16x12.webp",16,12,true],"woocommerce_archive_thumbnail":["https:\/\/www.ekbeauty.be\/wp-content\/uploads\/2020\/02\/o3-300x225.webp",300,225,true],"woocommerce_thumbnail":["https:\/\/www.ekbeauty.be\/wp-content\/uploads\/2020\/02\/o3-300x300.webp",300,300,true],"woocommerce_single":["https:\/\/www.ekbeauty.be\/wp-content\/uploads\/2020\/02\/o3-600x450.webp",600,450,true],"woocommerce_gallery_thumbnail":["https:\/\/www.ekbeauty.be\/wp-content\/uploads\/2020\/02\/o3-100x100.webp",100,100,true]},"uagb_author_info":{"display_name":"Berrag","author_link":"https:\/\/www.ekbeauty.be\/fr\/author\/"},"uagb_comment_info":0,"uagb_excerpt":"Kan je huid wel een extra'tje gebruiken?\u00a0ORMEDIC - Balancing Gel Masque is de redder in (vocht)nood! Dit kalmerende en verkoelende gel-masker helpt je huid te herstellen van de dagelijkse schadelijke invloeden van buitenaf, zoals uitdroging of een teveel aan zon. En dat binnen slechts vijf minuten!Troost je huidJe huid absorbeert direct de kalmerende eigenschappen van\u2026","_links":{"self":[{"href":"https:\/\/www.ekbeauty.be\/fr\/wp-json\/wp\/v2\/product\/5872","targetHints":{"allow":["GET"]}}],"collection":[{"href":"https:\/\/www.ekbeauty.be\/fr\/wp-json\/wp\/v2\/product"}],"about":[{"href":"https:\/\/www.ekbeauty.be\/fr\/wp-json\/wp\/v2\/types\/product"}],"replies":[{"embeddable":true,"href":"https:\/\/www.ekbeauty.be\/fr\/wp-json\/wp\/v2\/comments?post=5872"}],"wp:featuredmedia":[{"embeddable":true,"href":"https:\/\/www.ekbeauty.be\/fr\/wp-json\/wp\/v2\/media\/50886"}],"wp:attachment":[{"href":"https:\/\/www.ekbeauty.be\/fr\/wp-json\/wp\/v2\/media?parent=5872"}],"wp:term":[{"taxonomy":"product_brand","embeddable":true,"href":"https:\/\/www.ekbeauty.be\/fr\/wp-json\/wp\/v2\/product_brand?post=5872"},{"taxonomy":"product_cat","embeddable":true,"href":"https:\/\/www.ekbeauty.be\/fr\/wp-json\/wp\/v2\/product_cat?post=5872"},{"taxonomy":"product_tag","embeddable":true,"href":"https:\/\/www.ekbeauty.be\/fr\/wp-json\/wp\/v2\/product_tag?post=5872"}],"curies":[{"name":"wp","href":"https:\/\/api.w.org\/{rel}","templated":true}]}}